{"id":13179,"date":"2025-05-11T14:21:10","date_gmt":"2025-05-11T12:21:10","guid":{"rendered":"https:\/\/dynamoworkspace.dk\/brancheseminar\/"},"modified":"2025-10-03T14:03:00","modified_gmt":"2025-10-03T12:03:00","slug":"brancheseminar","status":"publish","type":"page","link":"https:\/\/dynamoworkspace.dk\/en\/festival\/brancheseminar\/","title":{"rendered":"Brancheseminar"},"content":{"rendered":"\t\t<div data-elementor-type=\"wp-page\" data-elementor-id=\"13179\" class=\"elementor elementor-13179 elementor-13053\" data-elementor-post-type=\"page\">\n\t\t\t\t<div class=\"elementor-element elementor-element-875a95c e-con-full e-flex e-con e-parent\" data-id=\"875a95c\" data-element_type=\"container\" data-e-type=\"container\" data-settings=\"{&quot;background_background&quot;:&quot;classic&quot;}\">\n\t\t<div class=\"elementor-element elementor-element-e55bf9c e-con-full e-flex e-con e-child\" data-id=\"e55bf9c\" data-element_type=\"container\" data-e-type=\"container\">\n\t\t<div class=\"elementor-element elementor-element-9df639f e-con-full e-flex e-con e-child\" data-id=\"9df639f\" data-element_type=\"container\" data-e-type=\"container\">\n\t\t\t\t<div class=\"elementor-element elementor-element-69b59b7 elementor-widget elementor-widget-heading\" data-id=\"69b59b7\" data-element_type=\"widget\" data-e-type=\"widget\" data-widget_type=\"heading.default\">\n\t\t\t\t<div class=\"elementor-widget-container\">\n\t\t\t\t\t<h2 class=\"elementor-heading-title elementor-size-default\">Brancheseminar<\/h2>\t\t\t\t<\/div>\n\t\t\t\t<\/div>\n\t\t\t\t<\/div>\n\t\t<div class=\"elementor-element elementor-element-cf8eaea e-con-full e-flex e-con e-child\" data-id=\"cf8eaea\" data-element_type=\"container\" data-e-type=\"container\">\n\t\t\t\t<div class=\"elementor-element elementor-element-6e18d99 elementor-widget elementor-widget-text-editor\" data-id=\"6e18d99\" data-element_type=\"widget\" data-e-type=\"widget\" data-widget_type=\"text-editor.default\">\n\t\t\t\t<div class=\"elementor-widget-container\">\n\t\t\t\t\t\t\t\t\t<p><strong>SAMTIDSCIRKUS I HELE LANDET \u2013 OM CIRKUS P\u00c5 TURN\u00c8, BARRIERER OG MULIGHEDER<\/strong><\/p>\t\t\t\t\t\t\t\t<\/div>\n\t\t\t\t<\/div>\n\t\t\t\t<\/div>\n\t\t\t\t<\/div>\n\t\t\t\t<div class=\"elementor-element elementor-element-59f371d elementor-widget-divider--view-line elementor-widget elementor-widget-divider\" data-id=\"59f371d\" data-element_type=\"widget\" data-e-type=\"widget\" data-widget_type=\"divider.default\">\n\t\t\t\t<div class=\"elementor-widget-container\">\n\t\t\t\t\t\t\t<div class=\"elementor-divider\">\n\t\t\t<span class=\"elementor-divider-separator\">\n\t\t\t\t\t\t<\/span>\n\t\t<\/div>\n\t\t\t\t\t\t<\/div>\n\t\t\t\t<\/div>\n\t\t<div class=\"elementor-element elementor-element-d57dca4 e-con-full e-flex e-con e-child\" data-id=\"d57dca4\" data-element_type=\"container\" data-e-type=\"container\">\n\t\t<div class=\"elementor-element elementor-element-ef7f43b e-con-full e-flex e-con e-child\" data-id=\"ef7f43b\" data-element_type=\"container\" data-e-type=\"container\">\n\t\t\t\t<div class=\"elementor-element elementor-element-8d8f256 elementor-widget elementor-widget-text-editor\" data-id=\"8d8f256\" data-element_type=\"widget\" data-e-type=\"widget\" data-widget_type=\"text-editor.default\">\n\t\t\t\t<div class=\"elementor-widget-container\">\n\t\t\t\t\t\t\t\t\t<p>Tematik<\/p>\t\t\t\t\t\t\t\t<\/div>\n\t\t\t\t<\/div>\n\t\t\t\t<\/div>\n\t\t<div class=\"elementor-element elementor-element-82bd57c e-con-full e-flex e-con e-child\" data-id=\"82bd57c\" data-element_type=\"container\" data-e-type=\"container\">\n\t\t\t\t<div class=\"elementor-element elementor-element-778b55b elementor-widget elementor-widget-text-editor\" data-id=\"778b55b\" data-element_type=\"widget\" data-e-type=\"widget\" data-widget_type=\"text-editor.default\">\n\t\t\t\t<div class=\"elementor-widget-container\">\n\t\t\t\t\t\t\t\t\t<p>En opsummering af dagen, som indeholder ideelle handlinger for fremtiden, kan <a href=\"https:\/\/drive.google.com\/file\/d\/16RsTqvBk86O3IpfbG9Gz7bUOlByMlyU1\/view?usp=drive_link\">downloades her.\u00a0<\/a><\/p><p>\u00a0<\/p><p>Dansk samtidscirkus er i rivende udvikling og skaber scenekunst af h\u00f8j kvalitet, der turnerer i hele landet. Men stiller cirkus s\u00e6rligt store krav til scener i forhold til rigning, scenem\u00e5l og sikkerhed, og hvordan st\u00e5r det egentligt til med at f\u00e5 publikum til cirkus?<\/p><p class=\"has-black-color has-text-color has-link-color wp-elements-81a64598cacf055274c658da4c1e5778\">DYNAMO Circus Festival inviterer til brancheseminar for scener, teaterforeninger, artister, kompagnier og alle med professionel interesse for dansk samtidscirkus. Workshoppen er m\u00e5lrettet professionelle, der arbejder med at booke forestillinger til deres spillested (bookere, kunstneriske ledere, producenter), men ogs\u00e5 dem, der arbejder praktisk med kunstnere og kompagnier p\u00e5 scenen (scenemestre, tekniske ledere). Kompagnier og kunstnere er inviteret til at dele deres egne erfaringer med turn\u00e9er og optr\u00e6dener p\u00e5 forskellige scener.<\/p><p>Under overskriften SAMTIDSCIRKUS I HELE LANDET \u2013 OM CIRKUS P\u00c5 TURN\u00c8, BARRIERER OG MULIGHEDER skal vi f\u00e5 kortlagt de forhindringer, der kan v\u00e6re for at endnu mere cirkus n\u00e5r ud til publikum i hele landet, og sammen finde l\u00f8sninger, samt f\u00e5 pr\u00e6senteret en r\u00e6kke af de forestillinger, der turn\u00e9rer de kommende s\u00e6soner.<\/p>\t\t\t\t\t\t\t\t<\/div>\n\t\t\t\t<\/div>\n\t\t\t\t<\/div>\n\t\t\t\t<\/div>\n\t\t\t\t<div class=\"elementor-element elementor-element-55e9f4a elementor-widget-divider--view-line elementor-widget elementor-widget-divider\" data-id=\"55e9f4a\" data-element_type=\"widget\" data-e-type=\"widget\" data-widget_type=\"divider.default\">\n\t\t\t\t<div class=\"elementor-widget-container\">\n\t\t\t\t\t\t\t<div class=\"elementor-divider\">\n\t\t\t<span class=\"elementor-divider-separator\">\n\t\t\t\t\t\t<\/span>\n\t\t<\/div>\n\t\t\t\t\t\t<\/div>\n\t\t\t\t<\/div>\n\t\t<div class=\"elementor-element elementor-element-6decfb5 e-con-full e-flex e-con e-child\" data-id=\"6decfb5\" data-element_type=\"container\" data-e-type=\"container\">\n\t\t<div class=\"elementor-element elementor-element-2458760 e-con-full e-flex e-con e-child\" data-id=\"2458760\" data-element_type=\"container\" data-e-type=\"container\">\n\t\t\t\t<div class=\"elementor-element elementor-element-234e52d elementor-widget elementor-widget-text-editor\" data-id=\"234e52d\" data-element_type=\"widget\" data-e-type=\"widget\" data-widget_type=\"text-editor.default\">\n\t\t\t\t<div class=\"elementor-widget-container\">\n\t\t\t\t\t\t\t\t\t<p>praktisk<\/p>\t\t\t\t\t\t\t\t<\/div>\n\t\t\t\t<\/div>\n\t\t\t\t<\/div>\n\t\t<div class=\"elementor-element elementor-element-d82e2fb e-con-full e-flex e-con e-child\" data-id=\"d82e2fb\" data-element_type=\"container\" data-e-type=\"container\">\n\t\t\t\t<div class=\"elementor-element elementor-element-1c474dc elementor-widget elementor-widget-text-editor\" data-id=\"1c474dc\" data-element_type=\"widget\" data-e-type=\"widget\" data-widget_type=\"text-editor.default\">\n\t\t\t\t<div class=\"elementor-widget-container\">\n\t\t\t\t\t\t\t\t\t<p class=\"has-black-color has-text-color has-link-color wp-elements-5b40a0625f3fe7767825b737aaf9d6f9\"><strong>Hvor<\/strong>\u00a0DYNAMO Circus Festival, Odense<br \/><strong>Hvorn\u00e5r<\/strong>\u00a0Onsdag d. 18. juni<br \/><strong>Pris<\/strong>\u00a0 Det er gratis at v\u00e6re med \u2013 betaling for frokost og aftensmad (bestil indtil 11. juni)<br \/>Deltagelsen er inkl. billet til aftenens forestillinger p\u00e5 DYNAMO Circus Festival. Rabatbilletter til resten af festivalen er tilg\u00e6ngelige for branche i vores billetsystem (v\u00e6lg billettypen \u201cBranche\u201d ved k\u00f8b).<br \/><strong><br \/>Moderator <\/strong>Anne Liisberg, iscene<br \/><strong><br \/>Samarbejdspartnere<\/strong> Dansk Artist Forbund, Udviklingsplatformen for scenekunst og Dansk Samtids Cirkus<br \/><strong><br \/>DJ<\/strong> TuneSelector Maiken Bruun<\/p><p class=\"p1\">Rock &#8211; Pop &#8211; R&#8217;n&#8217;B &#8211; Synth &#8211; Jazz &#8211; Psych Rock &#8211; Rare Grooves &#8211; 80&#8217;s\/90&#8217;s &#8211; 60&#8217;s\/70&#8217;s.<\/p><p class=\"p1\">Maiken spiller udelukkende vinyl. I 7&#8221; single. Et eklektisk heksebryg h\u00e5ndplukkes numre fra hele verdenen.<\/p><h2 class=\"wp-block-heading\">Tilmelding<\/h2><p>Via Google-forms:\u00a0<span style=\"text-decoration: underline;\"><span style=\"color: #000000;\"><a style=\"color: #000000; text-decoration: underline;\" href=\"https:\/\/forms.gle\/TJhjNk9THtPXJyKXA\">https:\/\/forms.gle\/TJhjNk9THtPXJyKXA<\/a><\/span><\/span><\/p><h2 class=\"wp-block-heading\">F\u00f8rste gang p\u00e5 festivalen?<\/h2><p>Download vores velkomstguide for branche<a href=\"https:\/\/drive.google.com\/file\/d\/1GXXVrSueFVO9gUzuxzhcU2D_aiIn91-U\/view?usp=drive_link\" data-type=\"link\" data-id=\"https:\/\/drive.google.com\/file\/d\/1GXXVrSueFVO9gUzuxzhcU2D_aiIn91-U\/view?usp=drive_link\">\u00a0her.<\/a><\/p>\t\t\t\t\t\t\t\t<\/div>\n\t\t\t\t<\/div>\n\t\t\t\t<\/div>\n\t\t\t\t<\/div>\n\t\t\t\t<div class=\"elementor-element elementor-element-61cb2a1 elementor-widget-divider--view-line elementor-widget elementor-widget-divider\" data-id=\"61cb2a1\" data-element_type=\"widget\" data-e-type=\"widget\" data-widget_type=\"divider.default\">\n\t\t\t\t<div class=\"elementor-widget-container\">\n\t\t\t\t\t\t\t<div class=\"elementor-divider\">\n\t\t\t<span class=\"elementor-divider-separator\">\n\t\t\t\t\t\t<\/span>\n\t\t<\/div>\n\t\t\t\t\t\t<\/div>\n\t\t\t\t<\/div>\n\t\t<div class=\"elementor-element elementor-element-4b27a06 e-con-full e-flex e-con e-child\" data-id=\"4b27a06\" data-element_type=\"container\" data-e-type=\"container\">\n\t\t<div class=\"elementor-element elementor-element-1bccf7e e-con-full e-flex e-con e-child\" data-id=\"1bccf7e\" data-element_type=\"container\" data-e-type=\"container\">\n\t\t\t\t<div class=\"elementor-element elementor-element-8b21a1b elementor-widget elementor-widget-text-editor\" data-id=\"8b21a1b\" data-element_type=\"widget\" data-e-type=\"widget\" data-widget_type=\"text-editor.default\">\n\t\t\t\t<div class=\"elementor-widget-container\">\n\t\t\t\t\t\t\t\t\t<p>program ONSDAG 18. JUNI<\/p>\t\t\t\t\t\t\t\t<\/div>\n\t\t\t\t<\/div>\n\t\t\t\t<\/div>\n\t\t<div class=\"elementor-element elementor-element-862e202 e-con-full e-flex e-con e-child\" data-id=\"862e202\" data-element_type=\"container\" data-e-type=\"container\">\n\t\t\t\t<div class=\"elementor-element elementor-element-2bb76c4 elementor-widget elementor-widget-text-editor\" data-id=\"2bb76c4\" data-element_type=\"widget\" data-e-type=\"widget\" data-widget_type=\"text-editor.default\">\n\t\t\t\t<div class=\"elementor-widget-container\">\n\t\t\t\t\t\t\t\t\t<p><strong>09.15 \u2013 09.45 Uformel kaffe &amp; check-in<\/strong><\/p><p><strong>09.45 \u2013 10.00<\/strong>\u00a0<strong>Velkomst<\/strong><br \/><strong>10.00 \u2013 11.15<\/strong>\u00a0<strong>Workshop\u00a0<em>Samtidscirkus p\u00e5 turn\u00e9<\/em>\u00a0<\/strong>(DK)<br \/>Hvilke barrierer er der for at vise samtidscirkus i hele landet, og hvordan kan vi som branche l\u00f8se dem. Alt skal p\u00e5 bordet \u2013 Ingen barriere er for lille til at blive n\u00e6vnt, ingen l\u00f8sning for h\u00f8jtflyvende og vanvittig til at blive dr\u00f8mt. Kom og del dine tanker.<\/p><p><strong>11.15 \u2013 11.30 Pause<\/strong><\/p><p><strong>11.30 \u2013 12.30 Panelsamtale<\/strong>\u00a0<em><strong>Cirkus som strategisk v\u00e6rkt\u00f8j i repertoirel\u00e6gning og publikumsudvikling<\/strong><\/em>\u00a0(DK)<br \/>Hvordan kan cirkus bidrage til at udvikle sceners profil og publikum, og hvad skal der til for at lykkedes. Deltagere: Ib Jensen, musikteaterchef p\u00e5 Baltoppen, Sara Indrio, forperson i Dansk Artistforbund\u00a0&amp; Bent Damsbo, formand for Vestfyns Teater<\/p><p><strong>12.30 \u2013 14.00 Frokost<\/strong><br \/>Vegetarisk \/ vegansk \u2013 P\u00e5 egen regning,\u00a0<span style=\"color: #000000;\">skal bookes p\u00e5 forh\u00e5nd indtil 11. juni.<\/span><\/p><p><strong>14.15 \u2013 15.45<\/strong>\u00a0<strong>Pitches \u2013 produktioner p\u00e5 turn\u00e9 i Danmark<\/strong>\u00a0(DK\/ENG)<br \/>Hvad kommer der til at ske p\u00e5 cirkusscenen de kommende s\u00e6soner: Et kig i krystalkuglen og pr\u00e6sentation af en r\u00e6kke af de forestillinger der har premiere og kommer til at turnere i Danmark i s\u00e6son 26\/27 og 27\/28<\/p><p><strong>15.45 \u2013 17.00 Reception og release p\u00e5 DYNAMO CIRCUS MAGAZINE<\/strong>\u00a0(ENG)<br \/>M. bobler og mingle \u2013 Gratis Magasin med hjem<\/p><p><strong>17.00 \u2013 18.00 Work in progress-visning:<\/strong>\u00a0TIRA af La Barque Acide (FR)<br \/>Gratis for deltagere<\/p><p><strong>18.00 \u2013 19.00 Pause<\/strong><br \/>Mulighed for at booke aftensmad i backstageteltet,\u00a0<span style=\"color: #000000;\">skal bookes p\u00e5 forh\u00e5nd indtil 11. juni<\/span><br \/>Du kan ogs\u00e5 k\u00f8be mad p\u00e5 festivalpladsen uden forh\u00e5ndsbooking.\u00a0<\/p><p><strong>19.00 \u2013 20.30 Forestillingen\u00a0<\/strong>LOW COST PARADISE af Cirque Pardi! (FR\/ES\/AR\/NL)<br \/>Gratis for deltagere<\/p><p><strong>21.00 \u2013 22.00 Forestillingen<\/strong>\u00a0PETROLEO af Los Putos Makinas (ES\/FR)<br \/>Gratis for deltagere<\/p>\t\t\t\t\t\t\t\t<\/div>\n\t\t\t\t<\/div>\n\t\t\t\t<\/div>\n\t\t\t\t<\/div>\n\t\t\t\t<div class=\"elementor-element elementor-element-b2b780d elementor-widget-divider--view-line elementor-widget elementor-widget-divider\" data-id=\"b2b780d\" data-element_type=\"widget\" data-e-type=\"widget\" data-widget_type=\"divider.default\">\n\t\t\t\t<div class=\"elementor-widget-container\">\n\t\t\t\t\t\t\t<div class=\"elementor-divider\">\n\t\t\t<span class=\"elementor-divider-separator\">\n\t\t\t\t\t\t<\/span>\n\t\t<\/div>\n\t\t\t\t\t\t<\/div>\n\t\t\t\t<\/div>\n\t\t<div class=\"elementor-element elementor-element-1552432 e-con-full e-flex e-con e-child\" data-id=\"1552432\" data-element_type=\"container\" data-e-type=\"container\">\n\t\t<div class=\"elementor-element elementor-element-e10d7df e-con-full e-flex e-con e-child\" data-id=\"e10d7df\" data-element_type=\"container\" data-e-type=\"container\" data-settings=\"{&quot;background_background&quot;:&quot;classic&quot;}\">\n\t\t\t\t<\/div>\n\t\t\t\t<\/div>\n\t\t<div class=\"elementor-element elementor-element-19bb27b e-con-full elementor-hidden-desktop elementor-hidden-laptop elementor-hidden-tablet elementor-hidden-mobile e-flex e-con e-child\" data-id=\"19bb27b\" data-element_type=\"container\" data-e-type=\"container\">\n\t\t<div class=\"elementor-element elementor-element-b15244b e-con-full e-flex e-con e-child\" data-id=\"b15244b\" data-element_type=\"container\" data-e-type=\"container\">\n\t\t<div class=\"elementor-element elementor-element-1d3c656 e-con-full e-flex e-con e-child\" data-id=\"1d3c656\" data-element_type=\"container\" data-e-type=\"container\" data-settings=\"{&quot;background_background&quot;:&quot;classic&quot;}\">\n\t\t<div class=\"elementor-element elementor-element-b7fd2a3 e-con-full e-flex e-con e-child\" data-id=\"b7fd2a3\" data-element_type=\"container\" data-e-type=\"container\">\n\t\t\t\t<div class=\"elementor-element elementor-element-c96e34c elementor-widget elementor-widget-heading\" data-id=\"c96e34c\" data-element_type=\"widget\" data-e-type=\"widget\" data-widget_type=\"heading.default\">\n\t\t\t\t<div class=\"elementor-widget-container\">\n\t\t\t\t\t<h2 class=\"elementor-heading-title elementor-size-default\">Vil du v\u00e6re frivillig<\/h2>\t\t\t\t<\/div>\n\t\t\t\t<\/div>\n\t\t<div class=\"elementor-element elementor-element-051bf6f e-con-full e-flex e-con e-child\" data-id=\"051bf6f\" data-element_type=\"container\" data-e-type=\"container\">\n\t\t\t\t<div class=\"elementor-element elementor-element-0889618 elementor-widget elementor-widget-text-editor\" data-id=\"0889618\" data-element_type=\"widget\" data-e-type=\"widget\" data-widget_type=\"text-editor.default\">\n\t\t\t\t<div class=\"elementor-widget-container\">\n\t\t\t\t\t\t\t\t\t<p>DYNAMO er samtidscirkus af hoj kunstnerisk kvalitet. <br \/>Vi skaber et rum, hvor kunstnere, publikum og samfundet kan modes i nye, uventede faellesskaber.<\/p>\t\t\t\t\t\t\t\t<\/div>\n\t\t\t\t<\/div>\n\t\t\t\t<\/div>\n\t\t\t\t<\/div>\n\t\t\t\t<\/div>\n\t\t\t\t<\/div>\n\t\t<div class=\"elementor-element elementor-element-00d8c21 e-con-full e-flex e-con e-child\" data-id=\"00d8c21\" data-element_type=\"container\" data-e-type=\"container\">\n\t\t<div class=\"elementor-element elementor-element-93bec73 e-con-full e-flex e-con e-child\" data-id=\"93bec73\" data-element_type=\"container\" data-e-type=\"container\" data-settings=\"{&quot;background_background&quot;:&quot;classic&quot;}\">\n\t\t<div class=\"elementor-element elementor-element-7c8b09d e-con-full e-flex e-con e-child\" data-id=\"7c8b09d\" data-element_type=\"container\" data-e-type=\"container\">\n\t\t\t\t<div class=\"elementor-element elementor-element-8ff566c elementor-widget elementor-widget-heading\" data-id=\"8ff566c\" data-element_type=\"widget\" data-e-type=\"widget\" data-widget_type=\"heading.default\">\n\t\t\t\t<div class=\"elementor-widget-container\">\n\t\t\t\t\t<h2 class=\"elementor-heading-title elementor-size-default\">Se<br> programmet <\/h2>\t\t\t\t<\/div>\n\t\t\t\t<\/div>\n\t\t<div class=\"elementor-element elementor-element-ef04403 e-con-full e-flex e-con e-child\" data-id=\"ef04403\" data-element_type=\"container\" data-e-type=\"container\">\n\t\t\t\t<div class=\"elementor-element elementor-element-f29b392 elementor-widget elementor-widget-text-editor\" data-id=\"f29b392\" data-element_type=\"widget\" data-e-type=\"widget\" data-widget_type=\"text-editor.default\">\n\t\t\t\t<div class=\"elementor-widget-container\">\n\t\t\t\t\t\t\t\t\t<p>DYNAMO er samtidscirkus af hoj kunstnerisk kvalitet. <br \/>Vi skaber et rum, hvor kunstnere, publikum og samfundet kan modes i nye, uventede faellesskaber.<\/p>\t\t\t\t\t\t\t\t<\/div>\n\t\t\t\t<\/div>\n\t\t\t\t<\/div>\n\t\t\t\t<\/div>\n\t\t\t\t<\/div>\n\t\t\t\t<\/div>\n\t\t\t\t<\/div>\n\t\t\t\t<\/div>\n\t\t\t\t<\/div>\n\t\t","protected":false},"excerpt":{"rendered":"<p>SAMTIDSCIRKUS I HELE LANDET \u2013 OM CIRKUS P\u00c5 TURN\u00c8, BARRIERER OG MULIGHEDER Tematik En opsummering af dagen, som indeholder ideelle handlinger for fremtiden, kan downloades her.\u00a0 \u00a0 Dansk samtidscirkus er i rivende udvikling og skaber scenekunst af h\u00f8j kvalitet, der turnerer i hele landet. Men stiller cirkus s\u00e6rligt store krav til scener i forhold til [&hellip;]<\/p>\n","protected":false},"author":16,"featured_media":0,"parent":13332,"menu_order":40,"comment_status":"closed","ping_status":"closed","template":"","meta":{"_acf_changed":false,"footnotes":""},"class_list":["post-13179","page","type-page","status-publish","hentry"],"acf":[],"yoast_head":"<!-- This site is optimized with the Yoast SEO plugin v26.3 - https:\/\/yoast.com\/wordpress\/plugins\/seo\/ -->\n<title>Brancheseminar - Dynamo<\/title>\n<meta name=\"robots\" content=\"index, follow, max-snippet:-1, max-image-preview:large, max-video-preview:-1\" \/>\n<link rel=\"canonical\" href=\"https:\/\/dynamoworkspace.dk\/festival\/brancheseminar\/\" \/>\n<meta property=\"og:locale\" content=\"en_US\" \/>\n<meta property=\"og:type\" content=\"article\" \/>\n<meta property=\"og:title\" content=\"Brancheseminar - Dynamo\" \/>\n<meta property=\"og:description\" content=\"SAMTIDSCIRKUS I HELE LANDET \u2013 OM CIRKUS P\u00c5 TURN\u00c8, BARRIERER OG MULIGHEDER Tematik En opsummering af dagen, som indeholder ideelle handlinger for fremtiden, kan downloades her.\u00a0 \u00a0 Dansk samtidscirkus er i rivende udvikling og skaber scenekunst af h\u00f8j kvalitet, der turnerer i hele landet. Men stiller cirkus s\u00e6rligt store krav til scener i forhold til [&hellip;]\" \/>\n<meta property=\"og:url\" content=\"https:\/\/dynamoworkspace.dk\/festival\/brancheseminar\/\" \/>\n<meta property=\"og:site_name\" content=\"Dynamo\" \/>\n<meta property=\"article:modified_time\" content=\"2025-10-03T12:03:00+00:00\" \/>\n<meta name=\"twitter:card\" content=\"summary_large_image\" \/>\n<meta name=\"twitter:label1\" content=\"Est. reading time\" \/>\n\t<meta name=\"twitter:data1\" content=\"3 minutes\" \/>\n<script type=\"application\/ld+json\" class=\"yoast-schema-graph\">{\"@context\":\"https:\/\/schema.org\",\"@graph\":[{\"@type\":\"WebPage\",\"@id\":\"https:\/\/dynamoworkspace.dk\/festival\/brancheseminar\/\",\"url\":\"https:\/\/dynamoworkspace.dk\/festival\/brancheseminar\/\",\"name\":\"Brancheseminar - Dynamo\",\"isPartOf\":{\"@id\":\"https:\/\/dynamoworkspace.dk\/#website\"},\"datePublished\":\"2025-05-11T12:21:10+00:00\",\"dateModified\":\"2025-10-03T12:03:00+00:00\",\"breadcrumb\":{\"@id\":\"https:\/\/dynamoworkspace.dk\/festival\/brancheseminar\/#breadcrumb\"},\"inLanguage\":\"en-US\",\"potentialAction\":[{\"@type\":\"ReadAction\",\"target\":[\"https:\/\/dynamoworkspace.dk\/festival\/brancheseminar\/\"]}]},{\"@type\":\"BreadcrumbList\",\"@id\":\"https:\/\/dynamoworkspace.dk\/festival\/brancheseminar\/#breadcrumb\",\"itemListElement\":[{\"@type\":\"ListItem\",\"position\":1,\"name\":\"Hjem\",\"item\":\"https:\/\/dynamoworkspace.dk\/en\/\"},{\"@type\":\"ListItem\",\"position\":2,\"name\":\"Festival\",\"item\":\"https:\/\/dynamoworkspace.dk\/festival\/\"},{\"@type\":\"ListItem\",\"position\":3,\"name\":\"Brancheseminar\"}]},{\"@type\":\"WebSite\",\"@id\":\"https:\/\/dynamoworkspace.dk\/#website\",\"url\":\"https:\/\/dynamoworkspace.dk\/\",\"name\":\"Dynamo\",\"description\":\"Scene og arbejdsrum for cirkus\",\"publisher\":{\"@id\":\"https:\/\/dynamoworkspace.dk\/#organization\"},\"potentialAction\":[{\"@type\":\"SearchAction\",\"target\":{\"@type\":\"EntryPoint\",\"urlTemplate\":\"https:\/\/dynamoworkspace.dk\/?s={search_term_string}\"},\"query-input\":{\"@type\":\"PropertyValueSpecification\",\"valueRequired\":true,\"valueName\":\"search_term_string\"}}],\"inLanguage\":\"en-US\"},{\"@type\":\"Organization\",\"@id\":\"https:\/\/dynamoworkspace.dk\/#organization\",\"name\":\"Dynamo\",\"url\":\"https:\/\/dynamoworkspace.dk\/\",\"logo\":{\"@type\":\"ImageObject\",\"inLanguage\":\"en-US\",\"@id\":\"https:\/\/dynamoworkspace.dk\/#\/schema\/logo\/image\/\",\"url\":\"https:\/\/dynamoworkspace.dk\/wp-content\/uploads\/2025\/04\/DYNAMO_LOGO_RGB_SORT.svg\",\"contentUrl\":\"https:\/\/dynamoworkspace.dk\/wp-content\/uploads\/2025\/04\/DYNAMO_LOGO_RGB_SORT.svg\",\"caption\":\"Dynamo\"},\"image\":{\"@id\":\"https:\/\/dynamoworkspace.dk\/#\/schema\/logo\/image\/\"}}]}<\/script>\n<!-- \/ Yoast SEO plugin. -->","yoast_head_json":{"title":"Brancheseminar - Dynamo","robots":{"index":"index","follow":"follow","max-snippet":"max-snippet:-1","max-image-preview":"max-image-preview:large","max-video-preview":"max-video-preview:-1"},"canonical":"https:\/\/dynamoworkspace.dk\/festival\/brancheseminar\/","og_locale":"en_US","og_type":"article","og_title":"Brancheseminar - Dynamo","og_description":"SAMTIDSCIRKUS I HELE LANDET \u2013 OM CIRKUS P\u00c5 TURN\u00c8, BARRIERER OG MULIGHEDER Tematik En opsummering af dagen, som indeholder ideelle handlinger for fremtiden, kan downloades her.\u00a0 \u00a0 Dansk samtidscirkus er i rivende udvikling og skaber scenekunst af h\u00f8j kvalitet, der turnerer i hele landet. Men stiller cirkus s\u00e6rligt store krav til scener i forhold til [&hellip;]","og_url":"https:\/\/dynamoworkspace.dk\/festival\/brancheseminar\/","og_site_name":"Dynamo","article_modified_time":"2025-10-03T12:03:00+00:00","twitter_card":"summary_large_image","twitter_misc":{"Est. reading time":"3 minutes"},"schema":{"@context":"https:\/\/schema.org","@graph":[{"@type":"WebPage","@id":"https:\/\/dynamoworkspace.dk\/festival\/brancheseminar\/","url":"https:\/\/dynamoworkspace.dk\/festival\/brancheseminar\/","name":"Brancheseminar - Dynamo","isPartOf":{"@id":"https:\/\/dynamoworkspace.dk\/#website"},"datePublished":"2025-05-11T12:21:10+00:00","dateModified":"2025-10-03T12:03:00+00:00","breadcrumb":{"@id":"https:\/\/dynamoworkspace.dk\/festival\/brancheseminar\/#breadcrumb"},"inLanguage":"en-US","potentialAction":[{"@type":"ReadAction","target":["https:\/\/dynamoworkspace.dk\/festival\/brancheseminar\/"]}]},{"@type":"BreadcrumbList","@id":"https:\/\/dynamoworkspace.dk\/festival\/brancheseminar\/#breadcrumb","itemListElement":[{"@type":"ListItem","position":1,"name":"Hjem","item":"https:\/\/dynamoworkspace.dk\/en\/"},{"@type":"ListItem","position":2,"name":"Festival","item":"https:\/\/dynamoworkspace.dk\/festival\/"},{"@type":"ListItem","position":3,"name":"Brancheseminar"}]},{"@type":"WebSite","@id":"https:\/\/dynamoworkspace.dk\/#website","url":"https:\/\/dynamoworkspace.dk\/","name":"Dynamo","description":"Scene og arbejdsrum for cirkus","publisher":{"@id":"https:\/\/dynamoworkspace.dk\/#organization"},"potentialAction":[{"@type":"SearchAction","target":{"@type":"EntryPoint","urlTemplate":"https:\/\/dynamoworkspace.dk\/?s={search_term_string}"},"query-input":{"@type":"PropertyValueSpecification","valueRequired":true,"valueName":"search_term_string"}}],"inLanguage":"en-US"},{"@type":"Organization","@id":"https:\/\/dynamoworkspace.dk\/#organization","name":"Dynamo","url":"https:\/\/dynamoworkspace.dk\/","logo":{"@type":"ImageObject","inLanguage":"en-US","@id":"https:\/\/dynamoworkspace.dk\/#\/schema\/logo\/image\/","url":"https:\/\/dynamoworkspace.dk\/wp-content\/uploads\/2025\/04\/DYNAMO_LOGO_RGB_SORT.svg","contentUrl":"https:\/\/dynamoworkspace.dk\/wp-content\/uploads\/2025\/04\/DYNAMO_LOGO_RGB_SORT.svg","caption":"Dynamo"},"image":{"@id":"https:\/\/dynamoworkspace.dk\/#\/schema\/logo\/image\/"}}]}},"_links":{"self":[{"href":"https:\/\/dynamoworkspace.dk\/en\/wp-json\/wp\/v2\/pages\/13179","targetHints":{"allow":["GET"]}}],"collection":[{"href":"https:\/\/dynamoworkspace.dk\/en\/wp-json\/wp\/v2\/pages"}],"about":[{"href":"https:\/\/dynamoworkspace.dk\/en\/wp-json\/wp\/v2\/types\/page"}],"author":[{"embeddable":true,"href":"https:\/\/dynamoworkspace.dk\/en\/wp-json\/wp\/v2\/users\/16"}],"replies":[{"embeddable":true,"href":"https:\/\/dynamoworkspace.dk\/en\/wp-json\/wp\/v2\/comments?post=13179"}],"version-history":[{"count":42,"href":"https:\/\/dynamoworkspace.dk\/en\/wp-json\/wp\/v2\/pages\/13179\/revisions"}],"predecessor-version":[{"id":15546,"href":"https:\/\/dynamoworkspace.dk\/en\/wp-json\/wp\/v2\/pages\/13179\/revisions\/15546"}],"up":[{"embeddable":true,"href":"https:\/\/dynamoworkspace.dk\/en\/wp-json\/wp\/v2\/pages\/13332"}],"wp:attachment":[{"href":"https:\/\/dynamoworkspace.dk\/en\/wp-json\/wp\/v2\/media?parent=13179"}],"curies":[{"name":"wp","href":"https:\/\/api.w.org\/{rel}","templated":true}]}}