{"id":13078,"date":"2025-05-09T15:05:50","date_gmt":"2025-05-09T13:05:50","guid":{"rendered":"https:\/\/dynamoworkspace.dk\/community\/"},"modified":"2025-05-20T13:41:27","modified_gmt":"2025-05-20T11:41:27","slug":"community","status":"publish","type":"page","link":"https:\/\/dynamoworkspace.dk\/en\/community\/","title":{"rendered":"Community"},"content":{"rendered":"\t\t<div data-elementor-type=\"wp-page\" data-elementor-id=\"13078\" class=\"elementor elementor-13078 elementor-13039\" data-elementor-post-type=\"page\">\n\t\t\t\t<div class=\"elementor-element elementor-element-875a95c e-con-full e-flex e-con e-parent\" data-id=\"875a95c\" data-element_type=\"container\" data-e-type=\"container\" data-settings=\"{&quot;background_background&quot;:&quot;classic&quot;}\">\n\t\t<div class=\"elementor-element elementor-element-e55bf9c e-con-full e-flex e-con e-child\" data-id=\"e55bf9c\" data-element_type=\"container\" data-e-type=\"container\">\n\t\t<div class=\"elementor-element elementor-element-9df639f e-con-full e-flex e-con e-child\" data-id=\"9df639f\" data-element_type=\"container\" data-e-type=\"container\">\n\t\t\t\t<div class=\"elementor-element elementor-element-69b59b7 elementor-widget elementor-widget-heading\" data-id=\"69b59b7\" data-element_type=\"widget\" data-e-type=\"widget\" data-widget_type=\"heading.default\">\n\t\t\t\t<div class=\"elementor-widget-container\">\n\t\t\t\t\t<h2 class=\"elementor-heading-title elementor-size-default\">Community<\/h2>\t\t\t\t<\/div>\n\t\t\t\t<\/div>\n\t\t\t\t<\/div>\n\t\t<div class=\"elementor-element elementor-element-cf8eaea e-con-full e-flex e-con e-child\" data-id=\"cf8eaea\" data-element_type=\"container\" data-e-type=\"container\">\n\t\t\t\t<div class=\"elementor-element elementor-element-6e18d99 elementor-widget elementor-widget-text-editor\" data-id=\"6e18d99\" data-element_type=\"widget\" data-e-type=\"widget\" data-widget_type=\"text-editor.default\">\n\t\t\t\t<div class=\"elementor-widget-container\">\n\t\t\t\t\t\t\t\t\t<p>Bliv en del af DYNAMO Circus Festival<\/p>\t\t\t\t\t\t\t\t<\/div>\n\t\t\t\t<\/div>\n\t\t\t\t<\/div>\n\t\t\t\t<\/div>\n\t\t\t\t<div class=\"elementor-element elementor-element-59f371d elementor-widget-divider--view-line elementor-widget elementor-widget-divider\" data-id=\"59f371d\" data-element_type=\"widget\" data-e-type=\"widget\" data-widget_type=\"divider.default\">\n\t\t\t\t<div class=\"elementor-widget-container\">\n\t\t\t\t\t\t\t<div class=\"elementor-divider\">\n\t\t\t<span class=\"elementor-divider-separator\">\n\t\t\t\t\t\t<\/span>\n\t\t<\/div>\n\t\t\t\t\t\t<\/div>\n\t\t\t\t<\/div>\n\t\t<div class=\"elementor-element elementor-element-d57dca4 e-con-full e-flex e-con e-child\" data-id=\"d57dca4\" data-element_type=\"container\" data-e-type=\"container\">\n\t\t<div class=\"elementor-element elementor-element-ef7f43b e-con-full e-flex e-con e-child\" data-id=\"ef7f43b\" data-element_type=\"container\" data-e-type=\"container\">\n\t\t\t\t<div class=\"elementor-element elementor-element-8d8f256 elementor-widget elementor-widget-text-editor\" data-id=\"8d8f256\" data-element_type=\"widget\" data-e-type=\"widget\" data-widget_type=\"text-editor.default\">\n\t\t\t\t<div class=\"elementor-widget-container\">\n\t\t\t\t\t\t\t\t\t<p>FRIVILLIGE<\/p>\t\t\t\t\t\t\t\t<\/div>\n\t\t\t\t<\/div>\n\t\t\t\t<\/div>\n\t\t<div class=\"elementor-element elementor-element-82bd57c e-con-full e-flex e-con e-child\" data-id=\"82bd57c\" data-element_type=\"container\" data-e-type=\"container\">\n\t\t\t\t<div class=\"elementor-element elementor-element-778b55b elementor-widget elementor-widget-text-editor\" data-id=\"778b55b\" data-element_type=\"widget\" data-e-type=\"widget\" data-widget_type=\"text-editor.default\">\n\t\t\t\t<div class=\"elementor-widget-container\">\n\t\t\t\t\t\t\t\t\t<p><span style=\"font-weight: 400;\">Vores festival er muliggjort af den k\u00e6mpe st\u00f8tte, vi modtager fra vores lokale frivillige, venner og samarbejdspartnere.<\/span><\/p><p><span style=\"font-weight: 400;\">Vi v\u00e6rds\u00e6tter deltagelse, st\u00f8tte og omsorg for hinanden, og det er kun muligt med mange h\u00e6nder l\u00f8ftet p\u00e5 samme tid. Vi bestr\u00e6ber os p\u00e5, at de frivillige hvert \u00e5r har det godt, de m\u00f8der nye mennesker, danner nye venskaber og skaber gode minder.<\/span><\/p><p><span style=\"font-weight: 400;\">Derfor starter vi rekrutteringsprocessen ret tidligt, og vi vil gerne m\u00f8de alle vores frivillige i god tid.<\/span><\/p><p><span style=\"font-weight: 400;\">Selvom festivalen kun finder sted en gang hvert andet \u00e5r, har vi altid \u00e5bent, og du kan n\u00e5r som helst tage fat p\u00e5 at blive frivillig!<\/span><\/p><p><span style=\"font-weight: 400;\">Hvis du vil v\u00e6re med og v\u00e6re en del af festivalen i 2025-udgaven, er her nogle omr\u00e5der, du kan hj\u00e6lpe os med:<\/span><\/p><ul><li style=\"font-weight: 400;\" aria-level=\"1\"><span style=\"font-weight: 400;\">V\u00e6r frivillig p\u00e5 festivalpladsen p\u00e5 festivaldagene (bartender, billetpersonale, publikumshj\u00e6lp mm.)<\/span><\/li><li style=\"font-weight: 400;\" aria-level=\"1\"><span style=\"font-weight: 400;\">Hj\u00e6lp os med at s\u00e6tte op og bygge festivalen (i ugerne f\u00f8r festivalen bygger vi stemningselementer, skilte og dekorationer)L<\/span><\/li><li style=\"font-weight: 400;\" aria-level=\"1\"><span style=\"font-weight: 400;\">ad os l\u00e5ne din cykel i ugen. Hvis du har en gammel cykel, du ikke bruger, vil vi gerne have den i en uge for at hj\u00e6lpe vores kunstnere med at komme rundt i byen p\u00e5 en CO2-reducerende m\u00e5de.<\/span><\/li><li style=\"font-weight: 400;\" aria-level=\"1\"><span style=\"font-weight: 400;\">V\u00e6r ambassad\u00f8r for vores festival: Fort\u00e6l om den til dine naboer, del vores opslag, interager med os p\u00e5 sociale medier, l\u00e6g nogle af vores flyers p\u00e5 din lokale cafe.<\/span><\/li><li style=\"font-weight: 400;\" aria-level=\"1\"><span style=\"font-weight: 400;\">I l\u00f8bet af festivalugen og ugerne f\u00f8r st\u00e5r vi for mad til ret mange mennesker p\u00e5 festivalpladsen. Du kan blive involveret ved at hj\u00e6lpe os med at n\u00e5 ud til donorer eller sponsorer, som du ved er gener\u00f8se og har mulighed for at give donationer.<\/span><\/li><\/ul>\t\t\t\t\t\t\t\t<\/div>\n\t\t\t\t<\/div>\n\t\t\t\t<\/div>\n\t\t\t\t<\/div>\n\t\t\t\t<div class=\"elementor-element elementor-element-55e9f4a elementor-widget-divider--view-line elementor-widget elementor-widget-divider\" data-id=\"55e9f4a\" data-element_type=\"widget\" data-e-type=\"widget\" data-widget_type=\"divider.default\">\n\t\t\t\t<div class=\"elementor-widget-container\">\n\t\t\t\t\t\t\t<div class=\"elementor-divider\">\n\t\t\t<span class=\"elementor-divider-separator\">\n\t\t\t\t\t\t<\/span>\n\t\t<\/div>\n\t\t\t\t\t\t<\/div>\n\t\t\t\t<\/div>\n\t\t<div class=\"elementor-element elementor-element-241afac e-con-full e-flex e-con e-child\" data-id=\"241afac\" data-element_type=\"container\" data-e-type=\"container\">\n\t\t<div class=\"elementor-element elementor-element-5fd9fdb e-con-full e-flex e-con e-child\" data-id=\"5fd9fdb\" data-element_type=\"container\" data-e-type=\"container\">\n\t\t\t\t<div class=\"elementor-element elementor-element-ab78c3a elementor-widget elementor-widget-text-editor\" data-id=\"ab78c3a\" data-element_type=\"widget\" data-e-type=\"widget\" data-widget_type=\"text-editor.default\">\n\t\t\t\t<div class=\"elementor-widget-container\">\n\t\t\t\t\t\t\t\t\t<p>praktik<\/p>\t\t\t\t\t\t\t\t<\/div>\n\t\t\t\t<\/div>\n\t\t\t\t<\/div>\n\t\t<div class=\"elementor-element elementor-element-1962d7d e-con-full e-flex e-con e-child\" data-id=\"1962d7d\" data-element_type=\"container\" data-e-type=\"container\">\n\t\t\t\t<div class=\"elementor-element elementor-element-e71a2d8 elementor-widget elementor-widget-text-editor\" data-id=\"e71a2d8\" data-element_type=\"widget\" data-e-type=\"widget\" data-widget_type=\"text-editor.default\">\n\t\t\t\t<div class=\"elementor-widget-container\">\n\t\t\t\t\t\t\t\t\t<p><span style=\"font-weight: 400;\">Du kan komme med i festivalproduktionen som praktikant, enten i forhold til din uddannelse, eller som jobs\u00f8gende.<\/span><\/p><p><span style=\"font-weight: 400;\">Der er mange muligheder for at l\u00e6re mens du g\u00f8r p\u00e5 festivalen, prim\u00e6rt inden for omr\u00e5derne:<\/span><\/p><ul><li style=\"font-weight: 400;\" aria-level=\"1\"><span style=\"font-weight: 400;\">Kommunikation &amp; PR<\/span><\/li><li style=\"font-weight: 400;\" aria-level=\"1\"><span style=\"font-weight: 400;\">Eventplanl\u00e6gning og logistik<\/span><\/li><li style=\"font-weight: 400;\" aria-level=\"1\"><span style=\"font-weight: 400;\">Generel eventsupport<\/span><\/li><\/ul><p><span style=\"font-weight: 400;\">\u00a0<\/span><\/p><p><span style=\"font-weight: 400;\">Kontakt: <span style=\"text-decoration: underline; color: #000000;\">info@dynamoworkspace.dk<\/span><\/span><\/p>\t\t\t\t\t\t\t\t<\/div>\n\t\t\t\t<\/div>\n\t\t\t\t<\/div>\n\t\t\t\t<\/div>\n\t\t\t\t<div class=\"elementor-element elementor-element-b2b780d elementor-widget-divider--view-line elementor-widget elementor-widget-divider\" data-id=\"b2b780d\" data-element_type=\"widget\" data-e-type=\"widget\" data-widget_type=\"divider.default\">\n\t\t\t\t<div class=\"elementor-widget-container\">\n\t\t\t\t\t\t\t<div class=\"elementor-divider\">\n\t\t\t<span class=\"elementor-divider-separator\">\n\t\t\t\t\t\t<\/span>\n\t\t<\/div>\n\t\t\t\t\t\t<\/div>\n\t\t\t\t<\/div>\n\t\t<div class=\"elementor-element elementor-element-1552432 e-con-full e-flex e-con e-child\" data-id=\"1552432\" data-element_type=\"container\" data-e-type=\"container\">\n\t\t<div class=\"elementor-element elementor-element-e10d7df e-con-full e-flex e-con e-child\" data-id=\"e10d7df\" data-element_type=\"container\" data-e-type=\"container\" data-settings=\"{&quot;background_background&quot;:&quot;classic&quot;}\">\n\t\t\t\t<\/div>\n\t\t\t\t<\/div>\n\t\t<div class=\"elementor-element elementor-element-19bb27b e-con-full elementor-hidden-desktop elementor-hidden-laptop elementor-hidden-tablet elementor-hidden-mobile e-flex e-con e-child\" data-id=\"19bb27b\" data-element_type=\"container\" data-e-type=\"container\">\n\t\t<div class=\"elementor-element elementor-element-b15244b e-con-full e-flex e-con e-child\" data-id=\"b15244b\" data-element_type=\"container\" data-e-type=\"container\">\n\t\t<div class=\"elementor-element elementor-element-1d3c656 e-con-full e-flex e-con e-child\" data-id=\"1d3c656\" data-element_type=\"container\" data-e-type=\"container\" data-settings=\"{&quot;background_background&quot;:&quot;classic&quot;}\">\n\t\t<div class=\"elementor-element elementor-element-b7fd2a3 e-con-full e-flex e-con e-child\" data-id=\"b7fd2a3\" data-element_type=\"container\" data-e-type=\"container\">\n\t\t\t\t<div class=\"elementor-element elementor-element-c96e34c elementor-widget elementor-widget-heading\" data-id=\"c96e34c\" data-element_type=\"widget\" data-e-type=\"widget\" data-widget_type=\"heading.default\">\n\t\t\t\t<div class=\"elementor-widget-container\">\n\t\t\t\t\t<h2 class=\"elementor-heading-title elementor-size-default\">Vil du v\u00e6re frivillig<\/h2>\t\t\t\t<\/div>\n\t\t\t\t<\/div>\n\t\t<div class=\"elementor-element elementor-element-051bf6f e-con-full e-flex e-con e-child\" data-id=\"051bf6f\" data-element_type=\"container\" data-e-type=\"container\">\n\t\t\t\t<div class=\"elementor-element elementor-element-0889618 elementor-widget elementor-widget-text-editor\" data-id=\"0889618\" data-element_type=\"widget\" data-e-type=\"widget\" data-widget_type=\"text-editor.default\">\n\t\t\t\t<div class=\"elementor-widget-container\">\n\t\t\t\t\t\t\t\t\t<p>DYNAMO er samtidscirkus af hoj kunstnerisk kvalitet. <br \/>Vi skaber et rum, hvor kunstnere, publikum og samfundet kan modes i nye, uventede faellesskaber.<\/p>\t\t\t\t\t\t\t\t<\/div>\n\t\t\t\t<\/div>\n\t\t\t\t<\/div>\n\t\t\t\t<\/div>\n\t\t\t\t<\/div>\n\t\t\t\t<\/div>\n\t\t<div class=\"elementor-element elementor-element-00d8c21 e-con-full e-flex e-con e-child\" data-id=\"00d8c21\" data-element_type=\"container\" data-e-type=\"container\">\n\t\t<div class=\"elementor-element elementor-element-93bec73 e-con-full e-flex e-con e-child\" data-id=\"93bec73\" data-element_type=\"container\" data-e-type=\"container\" data-settings=\"{&quot;background_background&quot;:&quot;classic&quot;}\">\n\t\t<div class=\"elementor-element elementor-element-7c8b09d e-con-full e-flex e-con e-child\" data-id=\"7c8b09d\" data-element_type=\"container\" data-e-type=\"container\">\n\t\t\t\t<div class=\"elementor-element elementor-element-8ff566c elementor-widget elementor-widget-heading\" data-id=\"8ff566c\" data-element_type=\"widget\" data-e-type=\"widget\" data-widget_type=\"heading.default\">\n\t\t\t\t<div class=\"elementor-widget-container\">\n\t\t\t\t\t<h2 class=\"elementor-heading-title elementor-size-default\">Se<br> programmet <\/h2>\t\t\t\t<\/div>\n\t\t\t\t<\/div>\n\t\t<div class=\"elementor-element elementor-element-ef04403 e-con-full e-flex e-con e-child\" data-id=\"ef04403\" data-element_type=\"container\" data-e-type=\"container\">\n\t\t\t\t<div class=\"elementor-element elementor-element-f29b392 elementor-widget elementor-widget-text-editor\" data-id=\"f29b392\" data-element_type=\"widget\" data-e-type=\"widget\" data-widget_type=\"text-editor.default\">\n\t\t\t\t<div class=\"elementor-widget-container\">\n\t\t\t\t\t\t\t\t\t<p>DYNAMO er samtidscirkus af hoj kunstnerisk kvalitet. <br \/>Vi skaber et rum, hvor kunstnere, publikum og samfundet kan modes i nye, uventede faellesskaber.<\/p>\t\t\t\t\t\t\t\t<\/div>\n\t\t\t\t<\/div>\n\t\t\t\t<\/div>\n\t\t\t\t<\/div>\n\t\t\t\t<\/div>\n\t\t\t\t<\/div>\n\t\t\t\t<\/div>\n\t\t\t\t<\/div>\n\t\t\t\t<\/div>\n\t\t","protected":false},"excerpt":{"rendered":"<p>Bliv en del af DYNAMO Circus Festival FRIVILLIGE Vores festival er muliggjort af den k\u00e6mpe st\u00f8tte, vi modtager fra vores lokale frivillige, venner og samarbejdspartnere. Vi v\u00e6rds\u00e6tter deltagelse, st\u00f8tte og omsorg for hinanden, og det er kun muligt med mange h\u00e6nder l\u00f8ftet p\u00e5 samme tid. Vi bestr\u00e6ber os p\u00e5, at de frivillige hvert \u00e5r har [&hellip;]<\/p>\n","protected":false},"author":16,"featured_media":0,"parent":0,"menu_order":38,"comment_status":"closed","ping_status":"closed","template":"","meta":{"_acf_changed":false,"footnotes":""},"class_list":["post-13078","page","type-page","status-publish","hentry"],"acf":[],"yoast_head":"<!-- This site is optimized with the Yoast SEO plugin v26.3 - https:\/\/yoast.com\/wordpress\/plugins\/seo\/ -->\n<title>Community - Dynamo<\/title>\n<meta name=\"robots\" content=\"index, follow, max-snippet:-1, max-image-preview:large, max-video-preview:-1\" \/>\n<link rel=\"canonical\" href=\"https:\/\/dynamoworkspace.dk\/en\/community\/\" \/>\n<meta property=\"og:locale\" content=\"en_US\" \/>\n<meta property=\"og:type\" content=\"article\" \/>\n<meta property=\"og:title\" content=\"Community - Dynamo\" \/>\n<meta property=\"og:description\" content=\"Bliv en del af DYNAMO Circus Festival FRIVILLIGE Vores festival er muliggjort af den k\u00e6mpe st\u00f8tte, vi modtager fra vores lokale frivillige, venner og samarbejdspartnere. Vi v\u00e6rds\u00e6tter deltagelse, st\u00f8tte og omsorg for hinanden, og det er kun muligt med mange h\u00e6nder l\u00f8ftet p\u00e5 samme tid. Vi bestr\u00e6ber os p\u00e5, at de frivillige hvert \u00e5r har [&hellip;]\" \/>\n<meta property=\"og:url\" content=\"https:\/\/dynamoworkspace.dk\/en\/community\/\" \/>\n<meta property=\"og:site_name\" content=\"Dynamo\" \/>\n<meta property=\"article:modified_time\" content=\"2025-05-20T11:41:27+00:00\" \/>\n<meta name=\"twitter:card\" content=\"summary_large_image\" \/>\n<meta name=\"twitter:label1\" content=\"Est. reading time\" \/>\n\t<meta name=\"twitter:data1\" content=\"2 minutes\" \/>\n<script type=\"application\/ld+json\" class=\"yoast-schema-graph\">{\"@context\":\"https:\/\/schema.org\",\"@graph\":[{\"@type\":\"WebPage\",\"@id\":\"https:\/\/dynamoworkspace.dk\/en\/community\/\",\"url\":\"https:\/\/dynamoworkspace.dk\/en\/community\/\",\"name\":\"Community - Dynamo\",\"isPartOf\":{\"@id\":\"https:\/\/dynamoworkspace.dk\/#website\"},\"datePublished\":\"2025-05-09T13:05:50+00:00\",\"dateModified\":\"2025-05-20T11:41:27+00:00\",\"breadcrumb\":{\"@id\":\"https:\/\/dynamoworkspace.dk\/en\/community\/#breadcrumb\"},\"inLanguage\":\"en-US\",\"potentialAction\":[{\"@type\":\"ReadAction\",\"target\":[\"https:\/\/dynamoworkspace.dk\/en\/community\/\"]}]},{\"@type\":\"BreadcrumbList\",\"@id\":\"https:\/\/dynamoworkspace.dk\/en\/community\/#breadcrumb\",\"itemListElement\":[{\"@type\":\"ListItem\",\"position\":1,\"name\":\"Hjem\",\"item\":\"https:\/\/dynamoworkspace.dk\/en\/\"},{\"@type\":\"ListItem\",\"position\":2,\"name\":\"Community\"}]},{\"@type\":\"WebSite\",\"@id\":\"https:\/\/dynamoworkspace.dk\/#website\",\"url\":\"https:\/\/dynamoworkspace.dk\/\",\"name\":\"Dynamo\",\"description\":\"Scene og arbejdsrum for cirkus\",\"publisher\":{\"@id\":\"https:\/\/dynamoworkspace.dk\/#organization\"},\"potentialAction\":[{\"@type\":\"SearchAction\",\"target\":{\"@type\":\"EntryPoint\",\"urlTemplate\":\"https:\/\/dynamoworkspace.dk\/?s={search_term_string}\"},\"query-input\":{\"@type\":\"PropertyValueSpecification\",\"valueRequired\":true,\"valueName\":\"search_term_string\"}}],\"inLanguage\":\"en-US\"},{\"@type\":\"Organization\",\"@id\":\"https:\/\/dynamoworkspace.dk\/#organization\",\"name\":\"Dynamo\",\"url\":\"https:\/\/dynamoworkspace.dk\/\",\"logo\":{\"@type\":\"ImageObject\",\"inLanguage\":\"en-US\",\"@id\":\"https:\/\/dynamoworkspace.dk\/#\/schema\/logo\/image\/\",\"url\":\"https:\/\/dynamoworkspace.dk\/wp-content\/uploads\/2025\/04\/DYNAMO_LOGO_RGB_SORT.svg\",\"contentUrl\":\"https:\/\/dynamoworkspace.dk\/wp-content\/uploads\/2025\/04\/DYNAMO_LOGO_RGB_SORT.svg\",\"caption\":\"Dynamo\"},\"image\":{\"@id\":\"https:\/\/dynamoworkspace.dk\/#\/schema\/logo\/image\/\"}}]}<\/script>\n<!-- \/ Yoast SEO plugin. -->","yoast_head_json":{"title":"Community - Dynamo","robots":{"index":"index","follow":"follow","max-snippet":"max-snippet:-1","max-image-preview":"max-image-preview:large","max-video-preview":"max-video-preview:-1"},"canonical":"https:\/\/dynamoworkspace.dk\/en\/community\/","og_locale":"en_US","og_type":"article","og_title":"Community - Dynamo","og_description":"Bliv en del af DYNAMO Circus Festival FRIVILLIGE Vores festival er muliggjort af den k\u00e6mpe st\u00f8tte, vi modtager fra vores lokale frivillige, venner og samarbejdspartnere. Vi v\u00e6rds\u00e6tter deltagelse, st\u00f8tte og omsorg for hinanden, og det er kun muligt med mange h\u00e6nder l\u00f8ftet p\u00e5 samme tid. Vi bestr\u00e6ber os p\u00e5, at de frivillige hvert \u00e5r har [&hellip;]","og_url":"https:\/\/dynamoworkspace.dk\/en\/community\/","og_site_name":"Dynamo","article_modified_time":"2025-05-20T11:41:27+00:00","twitter_card":"summary_large_image","twitter_misc":{"Est. reading time":"2 minutes"},"schema":{"@context":"https:\/\/schema.org","@graph":[{"@type":"WebPage","@id":"https:\/\/dynamoworkspace.dk\/en\/community\/","url":"https:\/\/dynamoworkspace.dk\/en\/community\/","name":"Community - Dynamo","isPartOf":{"@id":"https:\/\/dynamoworkspace.dk\/#website"},"datePublished":"2025-05-09T13:05:50+00:00","dateModified":"2025-05-20T11:41:27+00:00","breadcrumb":{"@id":"https:\/\/dynamoworkspace.dk\/en\/community\/#breadcrumb"},"inLanguage":"en-US","potentialAction":[{"@type":"ReadAction","target":["https:\/\/dynamoworkspace.dk\/en\/community\/"]}]},{"@type":"BreadcrumbList","@id":"https:\/\/dynamoworkspace.dk\/en\/community\/#breadcrumb","itemListElement":[{"@type":"ListItem","position":1,"name":"Hjem","item":"https:\/\/dynamoworkspace.dk\/en\/"},{"@type":"ListItem","position":2,"name":"Community"}]},{"@type":"WebSite","@id":"https:\/\/dynamoworkspace.dk\/#website","url":"https:\/\/dynamoworkspace.dk\/","name":"Dynamo","description":"Scene og arbejdsrum for cirkus","publisher":{"@id":"https:\/\/dynamoworkspace.dk\/#organization"},"potentialAction":[{"@type":"SearchAction","target":{"@type":"EntryPoint","urlTemplate":"https:\/\/dynamoworkspace.dk\/?s={search_term_string}"},"query-input":{"@type":"PropertyValueSpecification","valueRequired":true,"valueName":"search_term_string"}}],"inLanguage":"en-US"},{"@type":"Organization","@id":"https:\/\/dynamoworkspace.dk\/#organization","name":"Dynamo","url":"https:\/\/dynamoworkspace.dk\/","logo":{"@type":"ImageObject","inLanguage":"en-US","@id":"https:\/\/dynamoworkspace.dk\/#\/schema\/logo\/image\/","url":"https:\/\/dynamoworkspace.dk\/wp-content\/uploads\/2025\/04\/DYNAMO_LOGO_RGB_SORT.svg","contentUrl":"https:\/\/dynamoworkspace.dk\/wp-content\/uploads\/2025\/04\/DYNAMO_LOGO_RGB_SORT.svg","caption":"Dynamo"},"image":{"@id":"https:\/\/dynamoworkspace.dk\/#\/schema\/logo\/image\/"}}]}},"_links":{"self":[{"href":"https:\/\/dynamoworkspace.dk\/en\/wp-json\/wp\/v2\/pages\/13078","targetHints":{"allow":["GET"]}}],"collection":[{"href":"https:\/\/dynamoworkspace.dk\/en\/wp-json\/wp\/v2\/pages"}],"about":[{"href":"https:\/\/dynamoworkspace.dk\/en\/wp-json\/wp\/v2\/types\/page"}],"author":[{"embeddable":true,"href":"https:\/\/dynamoworkspace.dk\/en\/wp-json\/wp\/v2\/users\/16"}],"replies":[{"embeddable":true,"href":"https:\/\/dynamoworkspace.dk\/en\/wp-json\/wp\/v2\/comments?post=13078"}],"version-history":[{"count":3,"href":"https:\/\/dynamoworkspace.dk\/en\/wp-json\/wp\/v2\/pages\/13078\/revisions"}],"predecessor-version":[{"id":14498,"href":"https:\/\/dynamoworkspace.dk\/en\/wp-json\/wp\/v2\/pages\/13078\/revisions\/14498"}],"wp:attachment":[{"href":"https:\/\/dynamoworkspace.dk\/en\/wp-json\/wp\/v2\/media?parent=13078"}],"curies":[{"name":"wp","href":"https:\/\/api.w.org\/{rel}","templated":true}]}}